{"id":29,"date":"2020-06-05T16:33:56","date_gmt":"2020-06-05T16:33:56","guid":{"rendered":"http:\/\/gespraechstherapie-lauingen.de\/?page_id=29"},"modified":"2024-07-15T17:28:02","modified_gmt":"2024-07-15T17:28:02","slug":"kosten-und-dauer","status":"publish","type":"page","link":"https:\/\/gespraechstherapie-lauingen.de\/?page_id=29","title":{"rendered":"Kosten und Dauer"},"content":{"rendered":"\n<p>Sitzungsdauer: 1 Stunde<\/p>\n\n\n\n<p>Honorar f\u00fcr Selbstzahler und Privatpatienten: 95,- Euro pro Stunde<\/p>\n\n\n\n<p>Paartherapie: 145,- Euro pro Stunde<\/p>\n\n\n\n<p><strong>Therapie \/ Beratung online auf Anfrage<\/strong> <strong>\u2013 \u00fcber Zoom<\/strong> <strong>m\u00f6glich<\/strong><\/p>\n\n\n\n<p><strong>Hausbesuche <\/strong>95,- Euro pro Stunde<\/p>\n\n\n\n<p>F\u00fcr Sch\u00fcler, Auszubildende und in Sonderf\u00e4llen betr\u00e4gt das Honorar 35,- Euro pro Stunde<\/p>\n\n\n\n<p>Je nach Schweregrad eines Falls, auch pro bono<\/p>\n\n\n\n<p>Als Heilpraktikerin f\u00fcr Psychotherapie besitze ich f\u00fcr die gesetzlichen Krankenkassen <em><strong>keine Kassenzulassung<\/strong>.<\/em><\/p>\n\n\n\n<p><strong>Die Bezahlung erfolgt privat. Die Abrechnungen \u00fcber psychotherapeutische Behandlungen k\u00f6nnen als Sonderausgaben in der Steuererkl\u00e4rung geltend gemacht werden.<\/strong><\/p>\n\n\n\n<p> Sollten Sie Ihren Termin nicht einhalten k\u00f6nnen, bitte ich Sie um rechtzeitige Absage, sp\u00e4testens 24 Stunden vor Ihrem Termin. <\/p>\n\n\n\n<p>Nicht abgesagte Termine werden in Rechnung gestellt.<\/p>\n","protected":false},"excerpt":{"rendered":"<p>Sitzungsdauer: 1 Stunde Honorar f\u00fcr Selbstzahler und Privatpatienten: 95,- Euro pro Stunde Paartherapie: 145,- Euro pro Stunde Therapie \/ Beratung online auf Anfrage \u2013 \u00fcber Zoom m\u00f6glich Hausbesuche 95,- Euro pro Stunde F\u00fcr Sch\u00fcler, Auszubildende und in Sonderf\u00e4llen betr\u00e4gt das Honorar 35,- Euro pro Stunde Je nach Schweregrad eines Falls, auch pro bono Als Heilpraktikerin &hellip; <\/p>\n<p class=\"link-more\"><a href=\"https:\/\/gespraechstherapie-lauingen.de\/?page_id=29\" class=\"more-link\"><span class=\"screen-reader-text\">\u201eKosten und Dauer\u201c <\/span>weiterlesen<\/a><\/p>\n","protected":false},"author":1,"featured_media":0,"parent":0,"menu_order":0,"comment_status":"closed","ping_status":"closed","template":"","meta":{"footnotes":""},"class_list":["post-29","page","type-page","status-publish","hentry"],"_links":{"self":[{"href":"https:\/\/gespraechstherapie-lauingen.de\/index.php?rest_route=\/wp\/v2\/pages\/29","targetHints":{"allow":["GET"]}}],"collection":[{"href":"https:\/\/gespraechstherapie-lauingen.de\/index.php?rest_route=\/wp\/v2\/pages"}],"about":[{"href":"https:\/\/gespraechstherapie-lauingen.de\/index.php?rest_route=\/wp\/v2\/types\/page"}],"author":[{"embeddable":true,"href":"https:\/\/gespraechstherapie-lauingen.de\/index.php?rest_route=\/wp\/v2\/users\/1"}],"replies":[{"embeddable":true,"href":"https:\/\/gespraechstherapie-lauingen.de\/index.php?rest_route=%2Fwp%2Fv2%2Fcomments&post=29"}],"version-history":[{"count":10,"href":"https:\/\/gespraechstherapie-lauingen.de\/index.php?rest_route=\/wp\/v2\/pages\/29\/revisions"}],"predecessor-version":[{"id":373,"href":"https:\/\/gespraechstherapie-lauingen.de\/index.php?rest_route=\/wp\/v2\/pages\/29\/revisions\/373"}],"wp:attachment":[{"href":"https:\/\/gespraechstherapie-lauingen.de\/index.php?rest_route=%2Fwp%2Fv2%2Fmedia&parent=29"}],"curies":[{"name":"wp","href":"https:\/\/api.w.org\/{rel}","templated":true}]}}