{"id":20,"date":"2020-06-05T16:28:30","date_gmt":"2020-06-05T16:28:30","guid":{"rendered":"http:\/\/gespraechstherapie-lauingen.de\/?page_id=20"},"modified":"2023-08-20T06:37:38","modified_gmt":"2023-08-20T06:37:38","slug":"startseite","status":"publish","type":"page","link":"https:\/\/gespraechstherapie-lauingen.de\/","title":{"rendered":"Startseite"},"content":{"rendered":"\n<h3 class=\"wp-block-heading\">Praxis f\u00fcr Psychotherapie<\/h3>\n\n\n\n<p><strong>Willkommen<\/strong><\/p>\n\n\n\n<p>F\u00fchlen Sie sich manches mal machtlos angesichts der Krisen, Konflikte, Probleme, die Sie im Alltag begleiten?<\/p>\n\n\n\n<p>Ich h\u00f6re Ihnen zu und biete Ihnen  <strong><em>Hilfe zur Selbsthilfe<\/em><\/strong>,<br>damit Sie gest\u00e4rkt aus all dem hervorgehen k\u00f6nnen und Ihr Lebensweg friedvoller wird.<\/p>\n\n\n\n<p>Manchmal ben\u00f6tigt ein Mensch eine Sichtweise von Au\u00dfen, um sich bewusster gewahr zu werden.<\/p>\n\n\n\n<p><strong>Wussten Sie, dass wir eine viertel Sekunde Zeit haben, bevor aus einem Gedanken ein <\/strong><strong>Gef\u00fchl wird?<\/strong><\/p>\n\n\n\n<p>Der Gedanke macht unser Gef\u00fchl. Wir entscheiden, was wir f\u00fchlen&#8230;.<\/p>\n\n\n\n<figure class=\"wp-block-image size-large is-resized\"><img loading=\"lazy\" decoding=\"async\" src=\"https:\/\/gespraechstherapie-lauingen.de\/wp-content\/uploads\/2020\/06\/profil-683x1024.jpg\" alt=\"\" class=\"wp-image-63\" style=\"width:330px;height:495px\" width=\"330\" height=\"495\" srcset=\"https:\/\/gespraechstherapie-lauingen.de\/wp-content\/uploads\/2020\/06\/profil-683x1024.jpg 683w, https:\/\/gespraechstherapie-lauingen.de\/wp-content\/uploads\/2020\/06\/profil-200x300.jpg 200w, https:\/\/gespraechstherapie-lauingen.de\/wp-content\/uploads\/2020\/06\/profil-768x1152.jpg 768w, https:\/\/gespraechstherapie-lauingen.de\/wp-content\/uploads\/2020\/06\/profil-1024x1536.jpg 1024w, https:\/\/gespraechstherapie-lauingen.de\/wp-content\/uploads\/2020\/06\/profil-1365x2048.jpg 1365w, https:\/\/gespraechstherapie-lauingen.de\/wp-content\/uploads\/2020\/06\/profil-scaled.jpg 1707w\" sizes=\"auto, (max-width: 330px) 100vw, 330px\" \/><figcaption class=\"wp-element-caption\">Terezija Kink<\/figcaption><\/figure>\n\n\n\n<p><\/p>\n","protected":false},"excerpt":{"rendered":"<p>Praxis f\u00fcr Psychotherapie Willkommen F\u00fchlen Sie sich manches mal machtlos angesichts der Krisen, Konflikte, Probleme, die Sie im Alltag begleiten? Ich h\u00f6re Ihnen zu und biete Ihnen Hilfe zur Selbsthilfe,damit Sie gest\u00e4rkt aus all dem hervorgehen k\u00f6nnen und Ihr Lebensweg friedvoller wird. Manchmal ben\u00f6tigt ein Mensch eine Sichtweise von Au\u00dfen, um sich bewusster gewahr zu &hellip; <\/p>\n<p class=\"link-more\"><a href=\"https:\/\/gespraechstherapie-lauingen.de\/\" class=\"more-link\"><span class=\"screen-reader-text\">\u201eStartseite\u201c <\/span>weiterlesen<\/a><\/p>\n","protected":false},"author":1,"featured_media":0,"parent":0,"menu_order":0,"comment_status":"closed","ping_status":"closed","template":"","meta":{"footnotes":""},"class_list":["post-20","page","type-page","status-publish","hentry"],"_links":{"self":[{"href":"https:\/\/gespraechstherapie-lauingen.de\/index.php?rest_route=\/wp\/v2\/pages\/20","targetHints":{"allow":["GET"]}}],"collection":[{"href":"https:\/\/gespraechstherapie-lauingen.de\/index.php?rest_route=\/wp\/v2\/pages"}],"about":[{"href":"https:\/\/gespraechstherapie-lauingen.de\/index.php?rest_route=\/wp\/v2\/types\/page"}],"author":[{"embeddable":true,"href":"https:\/\/gespraechstherapie-lauingen.de\/index.php?rest_route=\/wp\/v2\/users\/1"}],"replies":[{"embeddable":true,"href":"https:\/\/gespraechstherapie-lauingen.de\/index.php?rest_route=%2Fwp%2Fv2%2Fcomments&post=20"}],"version-history":[{"count":10,"href":"https:\/\/gespraechstherapie-lauingen.de\/index.php?rest_route=\/wp\/v2\/pages\/20\/revisions"}],"predecessor-version":[{"id":367,"href":"https:\/\/gespraechstherapie-lauingen.de\/index.php?rest_route=\/wp\/v2\/pages\/20\/revisions\/367"}],"wp:attachment":[{"href":"https:\/\/gespraechstherapie-lauingen.de\/index.php?rest_route=%2Fwp%2Fv2%2Fmedia&parent=20"}],"curies":[{"name":"wp","href":"https:\/\/api.w.org\/{rel}","templated":true}]}}